{"id":730,"date":"2023-06-07T00:21:26","date_gmt":"2023-06-07T00:21:26","guid":{"rendered":"https:\/\/kyepropiedades.cl\/?page_id=730"},"modified":"2023-06-07T01:36:14","modified_gmt":"2023-06-07T01:36:14","slug":"inversiones-inmobiliarias","status":"publish","type":"page","link":"https:\/\/kyepropiedades.cl\/?page_id=730","title":{"rendered":"INVERSIONES INMOBILIARIAS"},"content":{"rendered":"\n<figure class=\"wp-block-image size-large\"><img loading=\"lazy\" decoding=\"async\" width=\"1024\" height=\"640\" src=\"https:\/\/kyepropiedades.cl\/wp-content\/uploads\/2023\/06\/INVER-1024x640.jpg\" alt=\"\" class=\"wp-image-738\" srcset=\"https:\/\/kyepropiedades.cl\/wp-content\/uploads\/2023\/06\/INVER-1024x640.jpg 1024w, https:\/\/kyepropiedades.cl\/wp-content\/uploads\/2023\/06\/INVER-300x188.jpg 300w, https:\/\/kyepropiedades.cl\/wp-content\/uploads\/2023\/06\/INVER-768x480.jpg 768w, https:\/\/kyepropiedades.cl\/wp-content\/uploads\/2023\/06\/INVER.jpg 1200w\" sizes=\"auto, (max-width: 1024px) 100vw, 1024px\" \/><\/figure>\n\n\n\n<h2 class=\"wp-block-heading\">\u00bfC\u00f3mo y Por Qu\u00e9 Invertir en Propiedades?<\/h2>\n\n\n\n<p>Te ayudamos y asesoramos durante todo el proceso, nuestro compromiso es brindarte un servicio lo m\u00e1s claro posible, para nosotros lo principal es la confianza, as\u00ed que, si en alg\u00fan momento te sientes perdido, no dudes en consultarnos.<\/p>\n","protected":false},"excerpt":{"rendered":"<p>\u00bfC\u00f3mo y Por Qu\u00e9 Invertir en Propiedades? Te ayudamos y asesoramos durante todo el proceso, nuestro compromiso es brindarte un servicio lo m\u00e1s claro posible, para nosotros lo principal es la confianza, as\u00ed que, si en alg\u00fan momento te sientes perdido, no dudes en consultarnos.<\/p>\n","protected":false},"author":1,"featured_media":0,"parent":0,"menu_order":0,"comment_status":"closed","ping_status":"closed","template":"","meta":{"_joinchat":[],"footnotes":""},"class_list":["post-730","page","type-page","status-publish","hentry"],"_links":{"self":[{"href":"https:\/\/kyepropiedades.cl\/index.php?rest_route=\/wp\/v2\/pages\/730","targetHints":{"allow":["GET"]}}],"collection":[{"href":"https:\/\/kyepropiedades.cl\/index.php?rest_route=\/wp\/v2\/pages"}],"about":[{"href":"https:\/\/kyepropiedades.cl\/index.php?rest_route=\/wp\/v2\/types\/page"}],"author":[{"embeddable":true,"href":"https:\/\/kyepropiedades.cl\/index.php?rest_route=\/wp\/v2\/users\/1"}],"replies":[{"embeddable":true,"href":"https:\/\/kyepropiedades.cl\/index.php?rest_route=%2Fwp%2Fv2%2Fcomments&post=730"}],"version-history":[{"count":3,"href":"https:\/\/kyepropiedades.cl\/index.php?rest_route=\/wp\/v2\/pages\/730\/revisions"}],"predecessor-version":[{"id":744,"href":"https:\/\/kyepropiedades.cl\/index.php?rest_route=\/wp\/v2\/pages\/730\/revisions\/744"}],"wp:attachment":[{"href":"https:\/\/kyepropiedades.cl\/index.php?rest_route=%2Fwp%2Fv2%2Fmedia&parent=730"}],"curies":[{"name":"wp","href":"https:\/\/api.w.org\/{rel}","templated":true}]}}