{"id":404,"date":"2023-05-13T23:34:15","date_gmt":"2023-05-13T23:34:15","guid":{"rendered":"https:\/\/kyepropiedades.cl\/?page_id=404"},"modified":"2023-06-11T22:52:46","modified_gmt":"2023-06-11T22:52:46","slug":"quienes-somos","status":"publish","type":"page","link":"https:\/\/kyepropiedades.cl\/?page_id=404","title":{"rendered":"QUIENES SOMOS"},"content":{"rendered":"\n<p>Desde 2004  sus fundadores  Gabriel Espinoza   y Maria Soledad K\u00e4chele, han funcionando como un equipo s\u00f3lido que ha entendido desde sus inicios las necesidades de las personas y la importancia que tiene, en los negocios inmobiliarios, la intermediaci\u00f3n de un Corredor serio que pueda transmitir sus conocimientos y dar confianza para acompa\u00f1ar a sus clientes hasta el final de cada &nbsp;operaci\u00f3n<\/p>\n\n\n\n<figure class=\"wp-block-image size-full is-resized\"><img loading=\"lazy\" decoding=\"async\" src=\"https:\/\/kyepropiedades.cl\/wp-content\/uploads\/2023\/05\/1585856738-723930-family-2jpg.jpg\" alt=\"\" class=\"wp-image-179\" width=\"844\" height=\"562\" srcset=\"https:\/\/kyepropiedades.cl\/wp-content\/uploads\/2023\/05\/1585856738-723930-family-2jpg.jpg 650w, https:\/\/kyepropiedades.cl\/wp-content\/uploads\/2023\/05\/1585856738-723930-family-2jpg-300x200.jpg 300w\" sizes=\"auto, (max-width: 844px) 100vw, 844px\" \/><\/figure>\n\n\n\n<figure class=\"wp-block-image size-full\"><img loading=\"lazy\" decoding=\"async\" width=\"168\" height=\"38\" src=\"https:\/\/kyepropiedades.cl\/wp-content\/uploads\/2023\/06\/logo-final-4.jpg\" alt=\"\" class=\"wp-image-938\"\/><\/figure>\n","protected":false},"excerpt":{"rendered":"<p>Desde 2004 sus fundadores Gabriel Espinoza y Maria Soledad K\u00e4chele, han funcionando como un equipo s\u00f3lido que ha entendido desde sus inicios las necesidades de las personas y la importancia que tiene, en los negocios inmobiliarios, la intermediaci\u00f3n de un Corredor serio que pueda transmitir sus conocimientos y dar confianza para acompa\u00f1ar a sus clientes [&hellip;]<\/p>\n","protected":false},"author":1,"featured_media":0,"parent":0,"menu_order":0,"comment_status":"closed","ping_status":"closed","template":"","meta":{"_joinchat":[],"footnotes":""},"class_list":["post-404","page","type-page","status-publish","hentry"],"_links":{"self":[{"href":"https:\/\/kyepropiedades.cl\/index.php?rest_route=\/wp\/v2\/pages\/404","targetHints":{"allow":["GET"]}}],"collection":[{"href":"https:\/\/kyepropiedades.cl\/index.php?rest_route=\/wp\/v2\/pages"}],"about":[{"href":"https:\/\/kyepropiedades.cl\/index.php?rest_route=\/wp\/v2\/types\/page"}],"author":[{"embeddable":true,"href":"https:\/\/kyepropiedades.cl\/index.php?rest_route=\/wp\/v2\/users\/1"}],"replies":[{"embeddable":true,"href":"https:\/\/kyepropiedades.cl\/index.php?rest_route=%2Fwp%2Fv2%2Fcomments&post=404"}],"version-history":[{"count":11,"href":"https:\/\/kyepropiedades.cl\/index.php?rest_route=\/wp\/v2\/pages\/404\/revisions"}],"predecessor-version":[{"id":939,"href":"https:\/\/kyepropiedades.cl\/index.php?rest_route=\/wp\/v2\/pages\/404\/revisions\/939"}],"wp:attachment":[{"href":"https:\/\/kyepropiedades.cl\/index.php?rest_route=%2Fwp%2Fv2%2Fmedia&parent=404"}],"curies":[{"name":"wp","href":"https:\/\/api.w.org\/{rel}","templated":true}]}}