{"id":402,"date":"2023-05-13T23:33:50","date_gmt":"2023-05-13T23:33:50","guid":{"rendered":"https:\/\/kyepropiedades.cl\/?page_id=402"},"modified":"2023-06-11T20:55:23","modified_gmt":"2023-06-11T20:55:23","slug":"administracion-de-edificios","status":"publish","type":"page","link":"https:\/\/kyepropiedades.cl\/?page_id=402","title":{"rendered":"ADMINISTRACION DE EDIFICIOS"},"content":{"rendered":"\n<p>Sabemos que el rubro de la administraci\u00f3n de comunidades y edificios es complejo, siendo el desempe\u00f1o del Administrador&nbsp;de alta responsabilidad en el eficaz funcionamiento de su comunidad; que represente y resuelva, de la mejor forma, las inquietudes del comit\u00e9 de administraci\u00f3n, y prioritariamente, salvaguarde los intereses de toda su comunidad.-<\/p>\n\n\n\n<p>Asumimos un compromiso profesional responsable con la comunidad buscando la&nbsp;optimizaci\u00f3n en el manejo de sus recursos, transparencia y oportunidades en la entrega de la informaci\u00f3n, empleando para ello nuevos modelos de gesti\u00f3n y administraci\u00f3n en su desempe\u00f1o, otorgando un servicio de calidad.-<\/p>\n\n\n\n<figure class=\"wp-block-image size-large\"><img loading=\"lazy\" decoding=\"async\" width=\"1024\" height=\"576\" src=\"https:\/\/kyepropiedades.cl\/wp-content\/uploads\/2023\/06\/santiago-1024x576.jpg\" alt=\"\" class=\"wp-image-906\" srcset=\"https:\/\/kyepropiedades.cl\/wp-content\/uploads\/2023\/06\/santiago-1024x576.jpg 1024w, https:\/\/kyepropiedades.cl\/wp-content\/uploads\/2023\/06\/santiago-300x169.jpg 300w, https:\/\/kyepropiedades.cl\/wp-content\/uploads\/2023\/06\/santiago-768x432.jpg 768w, https:\/\/kyepropiedades.cl\/wp-content\/uploads\/2023\/06\/santiago-1536x864.jpg 1536w, https:\/\/kyepropiedades.cl\/wp-content\/uploads\/2023\/06\/santiago.jpg 1920w\" sizes=\"auto, (max-width: 1024px) 100vw, 1024px\" \/><\/figure>\n\n\n\n<figure class=\"wp-block-image size-full\"><img loading=\"lazy\" decoding=\"async\" width=\"168\" height=\"38\" src=\"https:\/\/kyepropiedades.cl\/wp-content\/uploads\/2023\/06\/logo-final-1.jpg\" alt=\"\" class=\"wp-image-913\"\/><\/figure>\n","protected":false},"excerpt":{"rendered":"<p>Sabemos que el rubro de la administraci\u00f3n de comunidades y edificios es complejo, siendo el desempe\u00f1o del Administrador&nbsp;de alta responsabilidad en el eficaz funcionamiento de su comunidad; que represente y resuelva, de la mejor forma, las inquietudes del comit\u00e9 de administraci\u00f3n, y prioritariamente, salvaguarde los intereses de toda su comunidad.- Asumimos un compromiso profesional responsable [&hellip;]<\/p>\n","protected":false},"author":1,"featured_media":0,"parent":0,"menu_order":0,"comment_status":"closed","ping_status":"closed","template":"","meta":{"_joinchat":[],"footnotes":""},"class_list":["post-402","page","type-page","status-publish","hentry"],"_links":{"self":[{"href":"https:\/\/kyepropiedades.cl\/index.php?rest_route=\/wp\/v2\/pages\/402","targetHints":{"allow":["GET"]}}],"collection":[{"href":"https:\/\/kyepropiedades.cl\/index.php?rest_route=\/wp\/v2\/pages"}],"about":[{"href":"https:\/\/kyepropiedades.cl\/index.php?rest_route=\/wp\/v2\/types\/page"}],"author":[{"embeddable":true,"href":"https:\/\/kyepropiedades.cl\/index.php?rest_route=\/wp\/v2\/users\/1"}],"replies":[{"embeddable":true,"href":"https:\/\/kyepropiedades.cl\/index.php?rest_route=%2Fwp%2Fv2%2Fcomments&post=402"}],"version-history":[{"count":6,"href":"https:\/\/kyepropiedades.cl\/index.php?rest_route=\/wp\/v2\/pages\/402\/revisions"}],"predecessor-version":[{"id":914,"href":"https:\/\/kyepropiedades.cl\/index.php?rest_route=\/wp\/v2\/pages\/402\/revisions\/914"}],"wp:attachment":[{"href":"https:\/\/kyepropiedades.cl\/index.php?rest_route=%2Fwp%2Fv2%2Fmedia&parent=402"}],"curies":[{"name":"wp","href":"https:\/\/api.w.org\/{rel}","templated":true}]}}