{"id":400,"date":"2023-05-13T23:32:59","date_gmt":"2023-05-13T23:32:59","guid":{"rendered":"https:\/\/kyepropiedades.cl\/?page_id=400"},"modified":"2023-06-13T19:52:24","modified_gmt":"2023-06-13T19:52:24","slug":"tasaciones","status":"publish","type":"page","link":"https:\/\/kyepropiedades.cl\/?page_id=400","title":{"rendered":"TASACIONES"},"content":{"rendered":"\n<p>Nuestro Servicio de Tasaci\u00f3n de Propiedades esta respaldado por la experiencia en el corretaje de propiedades y la constante actualizaci\u00f3n de informaci\u00f3n de arriendos y ventas en nuestra base de datos, la tasaci\u00f3n de propiedades que efectuamos es sin lugar a dudas la mejor manera de determinar el precio comercial de su bien inmueble, permitiendole ahorrar tiempo y dinero al momento de comercializar su propiedad.<br>Realizamos tasaciones inmbiliarias de todo tipo e inmuebles, entre los que destacan:<\/p>\n\n\n\n<ul class=\"wp-block-list\">\n<li>Tasaciones inmobiliarias de casas<\/li>\n\n\n\n<li>Tasaciones de departamentos<\/li>\n\n\n\n<li>Tasaciones inmobiliarias de oficinas<\/li>\n\n\n\n<li>Tasaciones de locales comerciales<\/li>\n\n\n\n<li>Tasaciones de terrenos urbanos,etc<\/li>\n<\/ul>\n\n\n\n<p>Por otra parte realizamos Tasaciones de terrenos agr\u00edcolas e industriales, entre los que destacan:<\/p>\n\n\n\n<ul class=\"wp-block-list\">\n<li>Tasaciones de parcelas<\/li>\n\n\n\n<li>Tasaciones de campos y fundos<\/li>\n\n\n\n<li>Tasaciones inmobiliarias de terrenos y sitios industriales.<\/li>\n<\/ul>\n\n\n\n<p>Para saber m\u00e1s sobre nuestros servicios, por favor cont\u00e1ctenos al correo el\u00e9ctronico y para agendar una reuni\u00f3n informativa.<\/p>\n\n\n\n<figure class=\"wp-block-image size-large\"><img loading=\"lazy\" decoding=\"async\" width=\"1024\" height=\"536\" src=\"https:\/\/kyepropiedades.cl\/wp-content\/uploads\/2023\/05\/Que-es-una-Tasacion-1024x536.jpg\" alt=\"\" class=\"wp-image-176\" srcset=\"https:\/\/kyepropiedades.cl\/wp-content\/uploads\/2023\/05\/Que-es-una-Tasacion-1024x536.jpg 1024w, https:\/\/kyepropiedades.cl\/wp-content\/uploads\/2023\/05\/Que-es-una-Tasacion-300x157.jpg 300w, https:\/\/kyepropiedades.cl\/wp-content\/uploads\/2023\/05\/Que-es-una-Tasacion-768x402.jpg 768w, https:\/\/kyepropiedades.cl\/wp-content\/uploads\/2023\/05\/Que-es-una-Tasacion.jpg 1200w\" sizes=\"auto, (max-width: 1024px) 100vw, 1024px\" \/><\/figure>\n\n\n\n<figure class=\"wp-block-image size-full\"><img loading=\"lazy\" decoding=\"async\" width=\"168\" height=\"38\" src=\"https:\/\/kyepropiedades.cl\/wp-content\/uploads\/2023\/06\/logo-final-2.jpg\" alt=\"\" class=\"wp-image-929\"\/><\/figure>\n","protected":false},"excerpt":{"rendered":"<p>Nuestro Servicio de Tasaci\u00f3n de Propiedades esta respaldado por la experiencia en el corretaje de propiedades y la constante actualizaci\u00f3n de informaci\u00f3n de arriendos y ventas en nuestra base de datos, la tasaci\u00f3n de propiedades que efectuamos es sin lugar a dudas la mejor manera de determinar el precio comercial de su bien inmueble, permitiendole [&hellip;]<\/p>\n","protected":false},"author":1,"featured_media":0,"parent":0,"menu_order":0,"comment_status":"closed","ping_status":"closed","template":"","meta":{"_joinchat":[],"footnotes":""},"class_list":["post-400","page","type-page","status-publish","hentry"],"_links":{"self":[{"href":"https:\/\/kyepropiedades.cl\/index.php?rest_route=\/wp\/v2\/pages\/400","targetHints":{"allow":["GET"]}}],"collection":[{"href":"https:\/\/kyepropiedades.cl\/index.php?rest_route=\/wp\/v2\/pages"}],"about":[{"href":"https:\/\/kyepropiedades.cl\/index.php?rest_route=\/wp\/v2\/types\/page"}],"author":[{"embeddable":true,"href":"https:\/\/kyepropiedades.cl\/index.php?rest_route=\/wp\/v2\/users\/1"}],"replies":[{"embeddable":true,"href":"https:\/\/kyepropiedades.cl\/index.php?rest_route=%2Fwp%2Fv2%2Fcomments&post=400"}],"version-history":[{"count":11,"href":"https:\/\/kyepropiedades.cl\/index.php?rest_route=\/wp\/v2\/pages\/400\/revisions"}],"predecessor-version":[{"id":1215,"href":"https:\/\/kyepropiedades.cl\/index.php?rest_route=\/wp\/v2\/pages\/400\/revisions\/1215"}],"wp:attachment":[{"href":"https:\/\/kyepropiedades.cl\/index.php?rest_route=%2Fwp%2Fv2%2Fmedia&parent=400"}],"curies":[{"name":"wp","href":"https:\/\/api.w.org\/{rel}","templated":true}]}}